{"id":47,"date":"2019-04-16T09:52:36","date_gmt":"2019-04-16T09:52:36","guid":{"rendered":"http:\/\/procreate.design\/site\/?page_id=47"},"modified":"2024-11-05T15:04:45","modified_gmt":"2024-11-05T14:04:45","slug":"procreate-methode","status":"publish","type":"page","link":"https:\/\/procreate.design\/site\/?page_id=47","title":{"rendered":"PROCREATE METHODE"},"content":{"rendered":"\n<div style=\"height:100px\" aria-hidden=\"true\" class=\"wp-block-spacer\"><\/div>\n\n\n\n<p>Procreate is gestart in 2020. In de afgelopen jaren hebben we steeds beter leren luisteren naar de verhalen achter de vraagstukken.  Als je motieven en bezwaren echt leert kennen, dan kan je de inzichten ook inzetten voor positieve verandering. Hieronder lichten onze aanpak nader toe. <\/p>\n\n\n\n<h2 class=\"wp-block-heading\">Simplexity<\/h2>\n\n\n\n<p>De steeds complexere wereld dwingt om in eenvoudige lijnen te denken. In de eenvoud zit het succes. Simplexity is de kunst om in een eenvoudige oplossing de complexiteit te herkennen.<br>De Procreate methode brengt deze helderheid. Een goed idee biedt ontwikkelruimte en een toekomstvisie.  <\/p>\n\n\n\n<figure class=\"wp-block-image\"><img decoding=\"async\" src=\"http:\/\/procreate.design\/site\/wp-content\/uploads\/2019\/08\/Simplexity.jpg\" alt=\"\" class=\"wp-image-521\"\/><\/figure>\n\n\n\n<p class=\"has-text-align-center has-text-color\" style=\"color:#4359a6\">&#8220;How simple things become complex and how complex things can be made simple again&#8221;<\/p>\n\n\n\n<div style=\"height:100px\" aria-hidden=\"true\" class=\"wp-block-spacer\"><\/div>\n\n\n\n<h2 class=\"wp-block-heading\">Procreate driehoek<\/h2>\n\n\n\n<p>De Procreate methode is ontwikkeld om idee\u00ebn en plannen levensvatbaar te maken. We zetten mensen en  organisaties in de DOE-stand. Er is geen gebrek aan idee\u00ebn. Maar er zijn maar weinig tools om idee\u00ebn zo aan te scherpen dat ze haalbaar worden. Wij ontwikkelden de Procreate driehoek als ons kompas.<\/p>\n\n\n\n<p class=\"has-text-align-center has-text-color\" style=\"color:#4359a6\">In de Procreate wereld heeft elk goed idee drie kwaliteiten. <\/p>\n\n\n<div class=\"wp-block-image\">\n<figure class=\"aligncenter size-large is-resized\"><img loading=\"lazy\" decoding=\"async\" width=\"1024\" height=\"819\" src=\"https:\/\/procreate.design\/site\/wp-content\/uploads\/2020\/06\/image001-1024x819.png\" alt=\"\" class=\"wp-image-733\" style=\"width:575px;height:460px\" srcset=\"https:\/\/procreate.design\/site\/wp-content\/uploads\/2020\/06\/image001-1024x819.png 1024w, https:\/\/procreate.design\/site\/wp-content\/uploads\/2020\/06\/image001-300x240.png 300w, https:\/\/procreate.design\/site\/wp-content\/uploads\/2020\/06\/image001-768x614.png 768w, https:\/\/procreate.design\/site\/wp-content\/uploads\/2020\/06\/image001.png 1201w\" sizes=\"auto, (max-width: 1024px) 100vw, 1024px\" \/><\/figure>\n<\/div>\n\n\n<p class=\"has-text-align-center has-text-color\" style=\"color:#4359a6\">Het is <strong>Effectief<\/strong>, het lost op eenvoudige wijze een killer-probleem op.  <\/p>\n\n\n\n<p class=\"has-text-align-center has-text-color\" style=\"color:#4359a6\">Het is <strong>Effici\u00ebnt<\/strong>, het is haalbaar en opschaalbaar.<\/p>\n\n\n\n<p class=\"has-text-align-center has-text-color\" style=\"color:#4359a6\">Het is <strong>Empathisch<\/strong>, het kan omarmd worden, en activeert mensen en media met doorvertelkracht. Wij zeggen met een knipoog: Je mag wel out-of-the-box denken. Maar nooit buiten de Procreate driehoek.<\/p>\n\n\n\n<div style=\"height:100px\" aria-hidden=\"true\" class=\"wp-block-spacer\"><\/div>\n\n\n\n<blockquote class=\"wp-block-quote is-layout-flow wp-block-quote-is-layout-flow\">\n<p>&#8220;<em>Waarom falen schijnbaar gave en slimme innovaties?  Denk aan de briljante app die nooit gebruikt wordt. De impactshow die niet te schalen is. En het briljante idee waarom je moest lachen, maar dat je niet in actie bracht.<\/em>&#8221; <\/p>\n<\/blockquote>\n\n\n\n<div style=\"height:100px\" aria-hidden=\"true\" class=\"wp-block-spacer\"><\/div>\n\n\n\n<h2 class=\"wp-block-heading\">Drie <g class=\"gr_ gr_16 gr-alert gr_spell gr_inline_cards gr_disable_anim_appear ContextualSpelling ins-del multiReplace\" id=\"16\" data-gr-id=\"16\">fases<\/g><\/h2>\n\n\n\n<p>De Procreate methode heeft een beproefde eenvoudige opzet. <br>De funnel bestaat uit drie fasen:<\/p>\n\n\n\n<ol class=\"wp-block-list\">\n<li><strong>Ontdekken:<\/strong> organisatie, stakeholders, desk en trendonderzoek. <\/li>\n\n\n\n<li><strong>Verbeelden:<\/strong> professioneel teamdesign. <\/li>\n\n\n\n<li><strong>Beslissen:<\/strong> opdrachtgever, op basis van de uitkomsten en inzichten.<\/li>\n<\/ol>\n\n\n\n<figure class=\"wp-block-image\"><img decoding=\"async\" src=\"http:\/\/procreate.design\/site\/wp-content\/uploads\/2019\/08\/Procreate_DitVerkopenWe6.jpg\" alt=\"\" class=\"wp-image-514\"\/><\/figure>\n\n\n\n<div style=\"height:100px\" aria-hidden=\"true\" class=\"wp-block-spacer\"><\/div>\n\n\n\n<h2 class=\"wp-block-heading\">1. Ontdekken<\/h2>\n\n\n\n<p>Ontdekken begint met weten wat er speelt. Het doel van deze fase is om een doorbraakagenda te ontwikkelen. Welke <a href=\"https:\/\/www.youtube.com\/watch?v=F7ofER5q_38\">dilemma\u2019s<\/a> spelen er?\u00a0\u00a0Welke beperkende overtuigingen hebben we? En hoe komen we daar van af? Hoe kunnen we een nieuwe realiteit formuleren? <\/p>\n\n\n\n<p>Actie leren<\/p>\n\n\n\n<p>We maken indeze fase veel gebruik van de methode <a href=\"https:\/\/en.wikipedia.org\/wiki\/Action_learning\">actie leren<\/a> en <a href=\"https:\/\/en.wikipedia.org\/wiki\/Action_research\" data-type=\"link\" data-id=\"https:\/\/en.wikipedia.org\/wiki\/Action_research\">actie research<\/a>. Ga je met de eerste direct aan de gang met feitelijk gedrag. Bij actie research worden alle betrokkenen geinterviewd, en eventueel uitgenodigd in de vervolg fases. Deze fase heeft ook deskresearch een belangrijke rol. Wat doen anderen? Wat gebeurt er internationaal. De ontdekfase zorgt ervoor dat het denken &#8216;opgerekt wordt&#8217;. Zodat er ruimte ontstaat voor nieuwe inzichten en oplossingen.<\/p>\n\n\n\n<figure class=\"wp-block-image size-large\"><img loading=\"lazy\" decoding=\"async\" width=\"1024\" height=\"681\" src=\"https:\/\/procreate.design\/site\/wp-content\/uploads\/2024\/11\/lr-HUH-ontmoetingsroute-12-2023-05-29-BREDA-1024x681.jpg\" alt=\"\" class=\"wp-image-837\" srcset=\"https:\/\/procreate.design\/site\/wp-content\/uploads\/2024\/11\/lr-HUH-ontmoetingsroute-12-2023-05-29-BREDA-1024x681.jpg 1024w, https:\/\/procreate.design\/site\/wp-content\/uploads\/2024\/11\/lr-HUH-ontmoetingsroute-12-2023-05-29-BREDA-300x200.jpg 300w, https:\/\/procreate.design\/site\/wp-content\/uploads\/2024\/11\/lr-HUH-ontmoetingsroute-12-2023-05-29-BREDA-768x511.jpg 768w, https:\/\/procreate.design\/site\/wp-content\/uploads\/2024\/11\/lr-HUH-ontmoetingsroute-12-2023-05-29-BREDA-1536x1022.jpg 1536w, https:\/\/procreate.design\/site\/wp-content\/uploads\/2024\/11\/lr-HUH-ontmoetingsroute-12-2023-05-29-BREDA.jpg 2000w\" sizes=\"auto, (max-width: 1024px) 100vw, 1024px\" \/><figcaption class=\"wp-element-caption\">Meldpunt voor onbegrijpelijke zaken in actie. fotografie Edwin Wiekens<\/figcaption><\/figure>\n\n\n\n<h2 class=\"wp-block-heading\">2. Verbeelden<\/h2>\n\n\n\n<p>Procreate werkt met PROfessionele CREAtieven in het TEamdesign. Onze teams zijn samengesteld op de vraag en het onderwerp.&nbsp;Het teamdesign zorgt voor een versnelling. Het gebruik van extern talent voorkomt kokervisies. Als je de toekomst visualiseert, dan kan je ook de ontwikkelstappen bepalen.<\/p>\n\n\n\n<figure class=\"wp-block-gallery has-nested-images columns-2 is-cropped wp-block-gallery-1 is-layout-flex wp-block-gallery-is-layout-flex\">\n<figure class=\"wp-block-image size-large\"><img loading=\"lazy\" decoding=\"async\" width=\"1024\" height=\"725\" data-id=\"838\" src=\"https:\/\/procreate.design\/site\/wp-content\/uploads\/2024\/11\/Werksessie_no_hous_wine_GoedZooi_tussentijd-1024x725.jpg\" alt=\"\" class=\"wp-image-838\" srcset=\"https:\/\/procreate.design\/site\/wp-content\/uploads\/2024\/11\/Werksessie_no_hous_wine_GoedZooi_tussentijd-1024x725.jpg 1024w, https:\/\/procreate.design\/site\/wp-content\/uploads\/2024\/11\/Werksessie_no_hous_wine_GoedZooi_tussentijd-300x212.jpg 300w, https:\/\/procreate.design\/site\/wp-content\/uploads\/2024\/11\/Werksessie_no_hous_wine_GoedZooi_tussentijd-768x544.jpg 768w, https:\/\/procreate.design\/site\/wp-content\/uploads\/2024\/11\/Werksessie_no_hous_wine_GoedZooi_tussentijd-1536x1087.jpg 1536w, https:\/\/procreate.design\/site\/wp-content\/uploads\/2024\/11\/Werksessie_no_hous_wine_GoedZooi_tussentijd.jpg 1879w\" sizes=\"auto, (max-width: 1024px) 100vw, 1024px\" \/><\/figure>\n\n\n\n<figure class=\"wp-block-image size-large\"><img loading=\"lazy\" decoding=\"async\" width=\"1024\" height=\"683\" data-id=\"836\" src=\"https:\/\/procreate.design\/site\/wp-content\/uploads\/2024\/11\/Actie_leren_praktijk_huh-1024x683.jpg\" alt=\"\" class=\"wp-image-836\" srcset=\"https:\/\/procreate.design\/site\/wp-content\/uploads\/2024\/11\/Actie_leren_praktijk_huh-1024x683.jpg 1024w, https:\/\/procreate.design\/site\/wp-content\/uploads\/2024\/11\/Actie_leren_praktijk_huh-300x200.jpg 300w, https:\/\/procreate.design\/site\/wp-content\/uploads\/2024\/11\/Actie_leren_praktijk_huh-768x512.jpg 768w, https:\/\/procreate.design\/site\/wp-content\/uploads\/2024\/11\/Actie_leren_praktijk_huh-1536x1024.jpg 1536w, https:\/\/procreate.design\/site\/wp-content\/uploads\/2024\/11\/Actie_leren_praktijk_huh-2048x1365.jpg 2048w\" sizes=\"auto, (max-width: 1024px) 100vw, 1024px\" \/><\/figure>\n<\/figure>\n\n\n\n<p class=\"has-text-align-center has-text-color\" style=\"color:#4359a6\">Werksessies <a href=\"http:\/\/www.nohousewine.nl\">No House Wine<\/a> en <a href=\"http:\/\/www.huhwatbedoeltu.nl\">Stichting Huh? Wat bedoelt u<\/a>. <\/p>\n\n\n\n<h2 class=\"wp-block-heading\">3. Beslissen<\/h2>\n\n\n\n<p>Goede idee\u00ebn werken niet alleen omdat ze draagvlak hebben, maar omdat ze excellent zijn. En omdat ze drie specifieke eigenschappen in zichzelf verenigen: Effectiviteit, Effici\u00ebntie en Empathie. Met de Procreate methode beoordeel je het idee-design op kwaliteit en waardepropositie. En dat is een beste start voor de positieve verandering die je zoekt. .<\/p>\n\n\n\n<div style=\"height:30px\" aria-hidden=\"true\" class=\"wp-block-spacer\"><\/div>\n\n\n\n<div class=\"wp-block-button aligncenter\"><a class=\"wp-block-button__link wp-element-button\" href=\"http:\/\/procreate.design\/site\/?page_id=53\">Let\u2019s Procreate!<\/a><\/div>\n","protected":false},"excerpt":{"rendered":"<p>Procreate is gestart in 2020. In de afgelopen jaren hebben we steeds beter leren luisteren naar de verhalen achter de vraagstukken. Als je motieven en bezwaren echt leert kennen, dan &hellip; <a href=\"https:\/\/procreate.design\/site\/?page_id=47\" class=\"more-link\"><span>Lees meer<span class=\"screen-reader-text\">PROCREATE METHODE<\/span><\/span><\/a><\/p>\n","protected":false},"author":2,"featured_media":0,"parent":0,"menu_order":0,"comment_status":"closed","ping_status":"closed","template":"","meta":{"footnotes":""},"class_list":["post-47","page","type-page","status-publish","hentry"],"_links":{"self":[{"href":"https:\/\/procreate.design\/site\/index.php?rest_route=\/wp\/v2\/pages\/47","targetHints":{"allow":["GET"]}}],"collection":[{"href":"https:\/\/procreate.design\/site\/index.php?rest_route=\/wp\/v2\/pages"}],"about":[{"href":"https:\/\/procreate.design\/site\/index.php?rest_route=\/wp\/v2\/types\/page"}],"author":[{"embeddable":true,"href":"https:\/\/procreate.design\/site\/index.php?rest_route=\/wp\/v2\/users\/2"}],"replies":[{"embeddable":true,"href":"https:\/\/procreate.design\/site\/index.php?rest_route=%2Fwp%2Fv2%2Fcomments&post=47"}],"version-history":[{"count":53,"href":"https:\/\/procreate.design\/site\/index.php?rest_route=\/wp\/v2\/pages\/47\/revisions"}],"predecessor-version":[{"id":842,"href":"https:\/\/procreate.design\/site\/index.php?rest_route=\/wp\/v2\/pages\/47\/revisions\/842"}],"wp:attachment":[{"href":"https:\/\/procreate.design\/site\/index.php?rest_route=%2Fwp%2Fv2%2Fmedia&parent=47"}],"curies":[{"name":"wp","href":"https:\/\/api.w.org\/{rel}","templated":true}]}}